{"id":140,"date":"2026-04-01T18:39:22","date_gmt":"2026-04-01T16:39:22","guid":{"rendered":"https:\/\/www.kupferdaechle-freiburg.de\/?page_id=140"},"modified":"2026-04-01T18:39:22","modified_gmt":"2026-04-01T16:39:22","slug":"mensch-aergere-dich-nicht-turnier-%f0%9f%8e%b2","status":"publish","type":"page","link":"https:\/\/www.kupferdaechle-freiburg.de\/","title":{"rendered":"Mensch \u00e4rgere dich nicht Turnier \ud83c\udfb2"},"content":{"rendered":"\n<figure class=\"wp-block-image size-full is-resized\"><img loading=\"lazy\" decoding=\"async\" width=\"275\" height=\"275\" src=\"https:\/\/www.kupferdaechle-freiburg.de\/wp-content\/uploads\/2026\/04\/grafik.png\" alt=\"\" class=\"wp-image-141\" style=\"width:504px;height:auto\" srcset=\"https:\/\/www.kupferdaechle-freiburg.de\/wp-content\/uploads\/2026\/04\/grafik.png 275w, https:\/\/www.kupferdaechle-freiburg.de\/wp-content\/uploads\/2026\/04\/grafik-150x150.png 150w\" sizes=\"auto, (max-width: 275px) 100vw, 275px\" \/><\/figure>\n\n\n\n<h3 class=\"wp-block-heading\">\ud83c\udfc6 Sei dabei und zeig dein Gl\u00fcck!<\/h3>\n\n\n\n<p>Am <strong>18. April 2026 um 18:00 Uhr<\/strong> findet unser spannendes<br><strong>Mensch \u00e4rgere dich nicht Turnier<\/strong> statt!<\/p>\n\n\n\n<p>Egal ob Anf\u00e4nger oder Profi \u2013 bei uns steht der Spa\u00df im Vordergrund.<br>Fordere deine Freunde heraus oder lerne neue Mitspieler kennen!<\/p>\n\n\n\n<h3 class=\"wp-block-heading\">\ud83d\udcc5 Details zum Turnier<\/h3>\n\n\n\n<ul class=\"wp-block-list\">\n<li><strong>Datum:<\/strong> 18.04.2026<\/li>\n\n\n\n<li><strong>Uhrzeit:<\/strong> 18:00 Uhr<\/li>\n\n\n\n<li><strong>Startgeb\u00fchr:<\/strong> 5 \u20ac<\/li>\n\n\n\n<li><strong>Ort:<\/strong> Kupferd\u00e4chle Freiburg<\/li>\n<\/ul>\n\n\n\n<h3 class=\"wp-block-heading\">\ud83c\udfaf Was dich erwartet<\/h3>\n\n\n\n<ul class=\"wp-block-list\">\n<li>Spannende Spiele in mehreren Runden<\/li>\n\n\n\n<li>Gute Stimmung und geselliges Beisammensein<\/li>\n\n\n\n<li>Preise f\u00fcr die Gewinner \ud83c\udfc6<\/li>\n<\/ul>\n\n\n\n<h3 class=\"wp-block-heading\">\ud83d\udca1 Hinweis<\/h3>\n\n\n\n<p>Bitte sei <strong>15 Minuten vor Beginn<\/strong> vor Ort, damit wir p\u00fcnktlich starten k\u00f6nnen.<\/p>\n","protected":false},"excerpt":{"rendered":"<p>\ud83c\udfc6 Sei dabei und zeig dein Gl\u00fcck! Am 18. April 2026 um 18:00 Uhr findet unser spannendesMensch \u00e4rgere dich nicht Turnier statt! Egal ob Anf\u00e4nger oder Profi \u2013 bei uns steht der Spa\u00df im Vordergrund.Fordere deine Freunde heraus oder lerne neue Mitspieler kennen! \ud83d\udcc5 Details zum Turnier \ud83c\udfaf Was dich erwartet \ud83d\udca1 Hinweis Bitte sei &hellip; <a href=\"https:\/\/www.kupferdaechle-freiburg.de\/\" class=\"more-link\"><span class=\"screen-reader-text\">Mensch \u00e4rgere dich nicht Turnier \ud83c\udfb2<\/span> weiterlesen <span class=\"meta-nav\">&rarr;<\/span><\/a><\/p>\n","protected":false},"author":1,"featured_media":0,"parent":0,"menu_order":0,"comment_status":"closed","ping_status":"closed","template":"","meta":{"footnotes":""},"class_list":["post-140","page","type-page","status-publish","hentry"],"_links":{"self":[{"href":"https:\/\/www.kupferdaechle-freiburg.de\/index.php\/wp-json\/wp\/v2\/pages\/140","targetHints":{"allow":["GET"]}}],"collection":[{"href":"https:\/\/www.kupferdaechle-freiburg.de\/index.php\/wp-json\/wp\/v2\/pages"}],"about":[{"href":"https:\/\/www.kupferdaechle-freiburg.de\/index.php\/wp-json\/wp\/v2\/types\/page"}],"author":[{"embeddable":true,"href":"https:\/\/www.kupferdaechle-freiburg.de\/index.php\/wp-json\/wp\/v2\/users\/1"}],"replies":[{"embeddable":true,"href":"https:\/\/www.kupferdaechle-freiburg.de\/index.php\/wp-json\/wp\/v2\/comments?post=140"}],"version-history":[{"count":1,"href":"https:\/\/www.kupferdaechle-freiburg.de\/index.php\/wp-json\/wp\/v2\/pages\/140\/revisions"}],"predecessor-version":[{"id":143,"href":"https:\/\/www.kupferdaechle-freiburg.de\/index.php\/wp-json\/wp\/v2\/pages\/140\/revisions\/143"}],"wp:attachment":[{"href":"https:\/\/www.kupferdaechle-freiburg.de\/index.php\/wp-json\/wp\/v2\/media?parent=140"}],"curies":[{"name":"wp","href":"https:\/\/api.w.org\/{rel}","templated":true}]}}